{"id":67,"date":"2021-04-01T12:09:13","date_gmt":"2021-04-01T10:09:13","guid":{"rendered":"http:\/\/psyrennes.bzh\/?page_id=67"},"modified":"2023-11-20T21:40:03","modified_gmt":"2023-11-20T20:40:03","slug":"philippe-poupard","status":"publish","type":"page","link":"https:\/\/psyrennes.bzh\/index.php\/philippe-poupard\/","title":{"rendered":"Philippe Poupard"},"content":{"rendered":"\n<h2 class=\"wp-block-heading\" style=\"font-size:15px\"><\/h2>\n\n\n\n<h2 class=\"wp-block-heading\" style=\"font-size:15px\">Me connaitre, un peu<\/h2>\n\n\n\n<p class=\"has-small-font-size\">J&rsquo;ai une exp\u00e9rience cons\u00e9quente du monde du travail et mon parcours professionnel est plut\u00f4t diversifi\u00e9, j&rsquo;ai exerc\u00e9 dans des grands groupes pendant plus de vingt cinq ann\u00e9es sur des postes vari\u00e9s d&rsquo;expert, de chef ou de directeur de projets, d&rsquo;encadrant ou manager d&rsquo;\u00e9quipes plus moins \u00e9toff\u00e9es. Depuis cinq ans, je me suis install\u00e9 pour diversifier les rencontres, et d\u00e9velopper des questions du travail sur un champ plus ouvert.<\/p>\n\n\n\n<p class=\"has-small-font-size\">Je dispose d&rsquo;une formation \u00e9tendue d\u00e9velopp\u00e9e tout au long de mon parcours professionnel. De formation initiale \u00e9cole de commerce (INSEEC bordeaux 1991), je dispose d&rsquo;un master orient\u00e9 vers la sociologie des organisations \u00e0 Paris Dauphine et d&rsquo;une formation de psychologue du travail aupr\u00e8s du CNAM Paris. <\/p>\n\n\n\n<p class=\"has-small-font-size\">Depuis toujours, tout au long de mon chemin de vie professionnelle, je me suis attach\u00e9 aux questions du travail ordinaire et quotidien dans ses dimensions individuelles et collectives. Ma pratique pratique professionnelle vise un accompagnement humaniste et humanisant des personnes et des collectifs. Aussi, il est important que j&rsquo;exerce \u00e0 la fois en individuel mais que je puisse continuer de confronter cette pratique avec des interventions aupr\u00e8s de collectifs de travail dans des milieux tr\u00e8s vari\u00e9s.<\/p>\n\n\n\n<p><\/p>\n\n\n\n<h2 class=\"wp-block-heading\" style=\"font-size:15px\"><\/h2>\n\n\n\n<h2 class=\"wp-block-heading\" style=\"font-size:15px\">Quelle dur\u00e9e et quel tarif pour une consultation ?<\/h2>\n\n\n\n<p style=\"font-size:12px\">La dur\u00e9e de la consultation est d\u2019environ 55 min au tarif de 60 euros. Le co\u00fbt de la s\u00e9ance n\u2019exclut pas les cas sp\u00e9cifiques et peut s\u2019aborder lors de la premi\u00e8re s\u00e9ance.<\/p>\n\n\n\n<p class=\"has-text-align-right\" style=\"font-size:10px\"><em>R\u00e8glement en esp\u00e8ces ou par ch\u00e8que.<\/em><\/p>\n\n\n\n<p class=\"has-text-align-right\" style=\"font-size:10px\"><em>Si vous souhaitez annuler une s\u00e9ance, merci de pr\u00e9venir au moins 24h \u00e0 l\u2019avance&nbsp;<\/em><\/p>\n\n\n\n<p style=\"font-size:12px\">Remboursement : Les consultations n\u2019\u00e9tant pas rembours\u00e9es par la s\u00e9curit\u00e9 sociale, je vous invite \u00e0 vous renseigner aupr\u00e8s de votre compl\u00e9mentaire car certaines mutuelles peuvent proposer des forfaits de prises en charge.<\/p>\n\n\n\n<div class=\"wp-block-group\"><div class=\"wp-block-group__inner-container is-layout-flow wp-block-group-is-layout-flow\">\n<h2 class=\"wp-block-heading\" style=\"font-size:15px\">Comment prendre rendez-vous ?<\/h2>\n<\/div><\/div>\n\n\n\n<p style=\"font-size:12px\">Je vous accueille du lundi au vendredi de 8h \u00e0 20h et le samedi de 9h \u00e0 12h au cabinet qui se trouve :<\/p>\n\n\n\n<p class=\"has-text-align-center\" style=\"font-size:12px\">H\u00f4tel Bonin de la Villebouquais, 8 rue du docteur Regnault \u00e0 Rennes<\/p>\n\n\n\n<p style=\"font-size:12px\">Pour prendre rendez-vous :<\/p>\n\n\n\n<p class=\"has-text-align-center\" style=\"font-size:15px\">Possibilit\u00e9 de prendre rendez-vous par t\u00e9l\u00e9phone  <strong>: <mark style=\"background-color:rgba(0, 0, 0, 0);color:#0c6647\" class=\"has-inline-color\">06 42 48 93 55<\/mark><\/strong><\/p>\n\n\n\n<p class=\"has-text-align-left has-text-color\" style=\"color:#0d2214;font-size:12px\">N&rsquo;h\u00e9sitez-pas \u00e0 me contacter pour toute question par t\u00e9l\u00e9phone ou par mail : <\/p>\n\n\n\n<p class=\"has-text-align-center has-text-color\" style=\"color:#0c6747;font-size:15px\"><strong>philippe.poupard@psyrennes.bzh<\/strong><\/p>\n\n\n\n<p class=\"has-text-align-center\" style=\"font-size:12px\"><em>n\u00b0 ADELI 35 93 2026 <\/em>4<\/p>\n","protected":false},"excerpt":{"rendered":"<p>Me connaitre, un peu J&rsquo;ai une exp\u00e9rience cons\u00e9quente du monde du travail et mon parcours professionnel est plut\u00f4t diversifi\u00e9, j&rsquo;ai exerc\u00e9 dans des grands groupes pendant plus de vingt cinq ann\u00e9es sur des postes vari\u00e9s d&rsquo;expert, de chef ou de directeur de projets, d&rsquo;encadrant ou manager d&rsquo;\u00e9quipes plus moins \u00e9toff\u00e9es. Depuis cinq ans, je me suis install\u00e9 pour diversifier les rencontres, et d\u00e9velopper des questions du travail sur un champ plus ouvert. Je dispose d&rsquo;une formation \u00e9tendue d\u00e9velopp\u00e9e tout au long de mon parcours professionnel. De formation initiale \u00e9cole de commerce (INSEEC bordeaux 1991), je dispose d&rsquo;un master orient\u00e9 vers la sociologie des organisations \u00e0 Paris Dauphine et d&rsquo;une formation de psychologue du travail aupr\u00e8s du CNAM Paris. Depuis toujours, tout au long de mon chemin de vie professionnelle, je me suis attach\u00e9 aux questions du travail ordinaire et quotidien dans ses dimensions individuelles et collectives. Ma pratique pratique professionnelle vise un accompagnement humaniste et humanisant des personnes et des collectifs. Aussi, il est important que j&rsquo;exerce \u00e0 la fois en individuel mais que je puisse continuer de confronter cette pratique avec des interventions aupr\u00e8s de collectifs de travail dans des milieux tr\u00e8s vari\u00e9s. Quelle dur\u00e9e et quel tarif pour une consultation ? La dur\u00e9e de la consultation est d\u2019environ 55 min au tarif de 60 euros. Le co\u00fbt de la s\u00e9ance n\u2019exclut pas les cas sp\u00e9cifiques et peut s\u2019aborder lors de la premi\u00e8re s\u00e9ance. R\u00e8glement en esp\u00e8ces ou par ch\u00e8que. Si vous souhaitez annuler une s\u00e9ance, merci de pr\u00e9venir au moins 24h \u00e0 l\u2019avance&nbsp; Remboursement : Les consultations n\u2019\u00e9tant pas rembours\u00e9es par la s\u00e9curit\u00e9 sociale, je vous invite \u00e0 vous renseigner aupr\u00e8s de votre compl\u00e9mentaire car certaines mutuelles peuvent proposer des forfaits de prises en charge. Comment prendre rendez-vous ? Je vous accueille du lundi au vendredi de 8h \u00e0 20h et le samedi de 9h \u00e0 12h au cabinet qui se trouve : H\u00f4tel Bonin de la Villebouquais, 8 rue du docteur Regnault \u00e0 Rennes Pour prendre rendez-vous : Possibilit\u00e9 de prendre rendez-vous par t\u00e9l\u00e9phone : 06 42 48 93 55 N&rsquo;h\u00e9sitez-pas \u00e0 me contacter pour toute question par t\u00e9l\u00e9phone ou par mail : philippe.poupard@psyrennes.bzh n\u00b0 ADELI 35 93 2026 4<\/p>\n","protected":false},"author":1,"featured_media":453,"parent":0,"menu_order":0,"comment_status":"closed","ping_status":"closed","template":"","meta":{"footnotes":""},"class_list":["post-67","page","type-page","status-publish","has-post-thumbnail","hentry"],"_links":{"self":[{"href":"https:\/\/psyrennes.bzh\/index.php\/wp-json\/wp\/v2\/pages\/67","targetHints":{"allow":["GET"]}}],"collection":[{"href":"https:\/\/psyrennes.bzh\/index.php\/wp-json\/wp\/v2\/pages"}],"about":[{"href":"https:\/\/psyrennes.bzh\/index.php\/wp-json\/wp\/v2\/types\/page"}],"author":[{"embeddable":true,"href":"https:\/\/psyrennes.bzh\/index.php\/wp-json\/wp\/v2\/users\/1"}],"replies":[{"embeddable":true,"href":"https:\/\/psyrennes.bzh\/index.php\/wp-json\/wp\/v2\/comments?post=67"}],"version-history":[{"count":22,"href":"https:\/\/psyrennes.bzh\/index.php\/wp-json\/wp\/v2\/pages\/67\/revisions"}],"predecessor-version":[{"id":605,"href":"https:\/\/psyrennes.bzh\/index.php\/wp-json\/wp\/v2\/pages\/67\/revisions\/605"}],"wp:featuredmedia":[{"embeddable":true,"href":"https:\/\/psyrennes.bzh\/index.php\/wp-json\/wp\/v2\/media\/453"}],"wp:attachment":[{"href":"https:\/\/psyrennes.bzh\/index.php\/wp-json\/wp\/v2\/media?parent=67"}],"curies":[{"name":"wp","href":"https:\/\/api.w.org\/{rel}","templated":true}]}}