{"id":2,"date":"2021-03-31T19:10:10","date_gmt":"2021-03-31T17:10:10","guid":{"rendered":"http:\/\/psyrennes.bzh\/?page_id=2"},"modified":"2023-02-23T16:52:18","modified_gmt":"2023-02-23T15:52:18","slug":"page-d-exemple","status":"publish","type":"page","link":"https:\/\/psyrennes.bzh\/","title":{"rendered":""},"content":{"rendered":"\n<p class=\"has-text-align-center\" style=\"font-size:26px\"><strong>Bienvenue<\/strong><\/p>\n\n\n\n<p class=\"has-drop-cap\" style=\"font-size:15px;font-style:normal;font-weight:300\">Si votre recherche vous a amen\u00e9 jusqu\u2019\u00e0 nous, nous esp\u00e9rons que les mots choisis, sur notre site, pourront faire \u00e9cho pour vous, en vous. <\/p>\n\n\n\n<p class=\"has-white-color has-text-color\">&#8211;<\/p>\n\n\n\n<p style=\"font-size:15px;font-style:normal;font-weight:300\">Nous sommes deux psychologues avec un point de vue et des valeurs partag\u00e9s sur les mani\u00e8res de faire lien, de nourrir ce lien avec, dans et par le dialogue.&nbsp;<\/p>\n\n\n\n<p style=\"font-size:15px;font-style:normal;font-weight:300\">Nous avons \u00e0 c\u0153ur de construire avec vous&nbsp;<\/p>\n\n\n\n<p style=\"font-size:15px;font-style:normal;font-weight:300\">\u00b7&nbsp;&nbsp;&nbsp;&nbsp;&nbsp;&nbsp;&nbsp;un accompagnement dans lequel vous vous reconnaitrez,<\/p>\n\n\n\n<p style=\"font-size:15px;font-style:normal;font-weight:300\">\u00b7&nbsp;&nbsp;&nbsp;&nbsp;&nbsp;&nbsp;&nbsp;un accompagnement qui puisse vous soutenir dans votre d\u00e9veloppement,<\/p>\n\n\n\n<p style=\"font-size:15px;font-style:normal;font-weight:300\">\u00b7&nbsp;&nbsp;&nbsp;&nbsp;&nbsp;&nbsp;&nbsp;un accompagnement qui soit ressource (re-source),<\/p>\n\n\n\n<p style=\"font-size:15px;font-style:normal;font-weight:300\">\u00b7\u00a0\u00a0\u00a0\u00a0\u00a0\u00a0\u00a0un accompagnement qui vous autorise \u00e0 un cheminement avec s\u00e9r\u00e9nit\u00e9.<\/p>\n\n\n\n<p style=\"font-size:15px;font-style:normal;font-weight:300\">Dans le cadre de travail que nous tenons \u00e0 fabriquer avec vous et pour vous, nous proposons de vous accueillir dans un lieu o\u00f9 s\u00e9curit\u00e9, confidentialit\u00e9, respect, \u00e9changes et \u00e9laborations ont une place primordiale, centrale.&nbsp;<\/p>\n\n\n\n<p style=\"font-size:15px;font-style:normal;font-weight:300\">Vos questions sont le v\u00e9ritable terreau du travail, que vous pourriez entamer avec l\u2019un d\u2019entre nous, dans le but de les faire vivre, de les penser \u00e0 nouveau, de les d\u00e9placer, de faire de nouveaux liens entre elles, d\u2019en formuler de nouvelles\u2026<\/p>\n\n\n\n<p class=\"has-white-color has-text-color\">&#8211;<\/p>\n\n\n\n<h2 class=\"has-text-align-right wp-block-heading\" style=\"font-size:18px\"><em>\u00ab&nbsp;Pour l\u2019instant, vivez les questions. Peut-\u00eatre, un jour lointain, entrerez-vous ainsi, peu \u00e0 peu, sans l\u2019avoir remarqu\u00e9, \u00e0 l\u2019int\u00e9rieur de la r\u00e9ponse.&nbsp;\u00bb<\/em><\/h2>\n\n\n\n<p class=\"has-text-align-right has-black-color has-text-color\"><em>Rainer Maria Rilke (1875-1926), lettres \u00e0 un jeune po\u00e8te.<\/em><\/p>\n\n\n\n<p class=\"has-white-color has-text-color\" style=\"font-size:15px\">&#8211;<\/p>\n\n\n\n<p style=\"font-size:15px;font-style:normal;font-weight:300\">Pour nous, il est tout d&rsquo;abord question d\u2019une rencontre humaine. C&rsquo;est pourquoi, il nous semble important de nous pr\u00e9senter avec nos propres mots directement sur nos pages d\u00e9di\u00e9es..<\/p>\n\n\n\n<p class=\"has-text-align-center\"><a href=\"https:\/\/psyrennes.bzh\/index.php\/julie-aubry\/\" data-type=\"URL\" data-id=\"https:\/\/psyrennes.bzh\/index.php\/julie-aubry\/\"><mark style=\"background-color:rgba(0, 0, 0, 0);color:#0c6746\" class=\"has-inline-color\"><strong>Julie Aubry<\/strong><\/mark><\/a><\/p>\n\n\n\n<p class=\"has-text-align-center\"><a href=\"https:\/\/psyrennes.bzh\/index.php\/philippe-poupard\/\" data-type=\"URL\" data-id=\"https:\/\/psyrennes.bzh\/index.php\/philippe-poupard\/\"><mark style=\"background-color:rgba(0, 0, 0, 0);color:#0c6747\" class=\"has-inline-color\"><strong>Philippe Poupard<\/strong><\/mark><\/a><\/p>\n\n\n\n<p style=\"font-size:14px;font-style:normal;font-weight:300\">En tant que professionnels enregistr\u00e9s aupr\u00e8s de l&rsquo;Agence R\u00e9gionale de Sant\u00e9, nous sommes soumis au <strong><a href=\"http:\/\/www.codededeontologiedespsychologues.fr\/LE-CODE.html\" data-type=\"URL\" data-id=\"http:\/\/www.codededeontologiedespsychologues.fr\/LE-CODE.html\" target=\"_blank\" rel=\"noreferrer noopener\">code de D\u00e9ontologie des psychologues.<\/a><\/strong><\/p>\n","protected":false},"excerpt":{"rendered":"<p>Bienvenue Si votre recherche vous a amen\u00e9 jusqu\u2019\u00e0 nous, nous esp\u00e9rons que les mots choisis, sur notre site, pourront faire \u00e9cho pour vous, en vous. &#8211; Nous sommes deux psychologues avec un point de vue et des valeurs partag\u00e9s sur les mani\u00e8res de faire lien, de nourrir ce lien avec, dans et par le dialogue.&nbsp; Nous avons \u00e0 c\u0153ur de construire avec vous&nbsp; \u00b7&nbsp;&nbsp;&nbsp;&nbsp;&nbsp;&nbsp;&nbsp;un accompagnement dans lequel vous vous reconnaitrez, \u00b7&nbsp;&nbsp;&nbsp;&nbsp;&nbsp;&nbsp;&nbsp;un accompagnement qui puisse vous soutenir dans votre d\u00e9veloppement, \u00b7&nbsp;&nbsp;&nbsp;&nbsp;&nbsp;&nbsp;&nbsp;un accompagnement qui soit ressource (re-source), \u00b7\u00a0\u00a0\u00a0\u00a0\u00a0\u00a0\u00a0un accompagnement qui vous autorise \u00e0 un cheminement avec s\u00e9r\u00e9nit\u00e9. Dans le cadre de travail que nous tenons \u00e0 fabriquer avec vous et pour vous, nous proposons de vous accueillir dans un lieu o\u00f9 s\u00e9curit\u00e9, confidentialit\u00e9, respect, \u00e9changes et \u00e9laborations ont une place primordiale, centrale.&nbsp; Vos questions sont le v\u00e9ritable terreau du travail, que vous pourriez entamer avec l\u2019un d\u2019entre nous, dans le but de les faire vivre, de les penser \u00e0 nouveau, de les d\u00e9placer, de faire de nouveaux liens entre elles, d\u2019en formuler de nouvelles\u2026 &#8211; \u00ab&nbsp;Pour l\u2019instant, vivez les questions. Peut-\u00eatre, un jour lointain, entrerez-vous ainsi, peu \u00e0 peu, sans l\u2019avoir remarqu\u00e9, \u00e0 l\u2019int\u00e9rieur de la r\u00e9ponse.&nbsp;\u00bb Rainer Maria Rilke (1875-1926), lettres \u00e0 un jeune po\u00e8te. &#8211; Pour nous, il est tout d&rsquo;abord question d\u2019une rencontre humaine. C&rsquo;est pourquoi, il nous semble important de nous pr\u00e9senter avec nos propres mots directement sur nos pages d\u00e9di\u00e9es.. Julie Aubry Philippe Poupard En tant que professionnels enregistr\u00e9s aupr\u00e8s de l&rsquo;Agence R\u00e9gionale de Sant\u00e9, nous sommes soumis au code de D\u00e9ontologie des psychologues.<\/p>\n","protected":false},"author":1,"featured_media":0,"parent":0,"menu_order":0,"comment_status":"closed","ping_status":"open","template":"","meta":{"footnotes":""},"class_list":["post-2","page","type-page","status-publish","hentry"],"_links":{"self":[{"href":"https:\/\/psyrennes.bzh\/index.php\/wp-json\/wp\/v2\/pages\/2","targetHints":{"allow":["GET"]}}],"collection":[{"href":"https:\/\/psyrennes.bzh\/index.php\/wp-json\/wp\/v2\/pages"}],"about":[{"href":"https:\/\/psyrennes.bzh\/index.php\/wp-json\/wp\/v2\/types\/page"}],"author":[{"embeddable":true,"href":"https:\/\/psyrennes.bzh\/index.php\/wp-json\/wp\/v2\/users\/1"}],"replies":[{"embeddable":true,"href":"https:\/\/psyrennes.bzh\/index.php\/wp-json\/wp\/v2\/comments?post=2"}],"version-history":[{"count":98,"href":"https:\/\/psyrennes.bzh\/index.php\/wp-json\/wp\/v2\/pages\/2\/revisions"}],"predecessor-version":[{"id":599,"href":"https:\/\/psyrennes.bzh\/index.php\/wp-json\/wp\/v2\/pages\/2\/revisions\/599"}],"wp:attachment":[{"href":"https:\/\/psyrennes.bzh\/index.php\/wp-json\/wp\/v2\/media?parent=2"}],"curies":[{"name":"wp","href":"https:\/\/api.w.org\/{rel}","templated":true}]}}